{"id":15,"date":"2017-04-27T11:09:26","date_gmt":"2017-04-27T11:09:26","guid":{"rendered":"http:\/\/sistercities-stade.de\/?page_id=15"},"modified":"2020-06-30T21:27:39","modified_gmt":"2020-06-30T19:27:39","slug":"kontakt","status":"publish","type":"page","link":"http:\/\/sistercities-stade.de\/?page_id=15","title":{"rendered":"Kontakt"},"content":{"rendered":"\n<p><strong>SISTER CITIES IN STADE<\/strong><\/p>\n\n\n\n<p>1993 unterzeichneten Rat und Verwaltung der St\u00e4dte Stade und <a href=\"https:\/\/www.google.de\/search?safe=off&amp;client=firefox-b-ab&amp;dcr=0&amp;ei=MRiVWu7kDcXaUeS0n_AO&amp;q=Lakewood%2C+Colorado%2C+USA&amp;oq=Lakewood%2C+Colorado%2C+USA&amp;gs_l=psy-ab.3..0i203k1.49219.52477.0.53313.6.6.0.0.0.0.231.914.0j3j2.5.0....0...1.1.64.psy-ab..1.5.909...0i7i30k1j0i67k1j0i30k1j0i22i30k1.0.E-Go1r6z_bo\"><strong>Lakewood, Colorado, USA<\/strong><\/a> eine Vereinbarung mit dem Ziel, die Ideen des <a href=\"http:\/\/www.sistercities.org\/\"><strong><em>Sister Cities Program International<\/em><\/strong><\/a> zu unterst\u00fctzen und zu verwirklichen.<\/p>\n\n\n\n<p><\/p>\n\n\n\n<p>Auf der Basis dieser Vereinbarung erreichte 1995 die erste offizielle Einladung aus Lakewood die Stader B\u00fcrgerinnen und B\u00fcrger. Sie sollten Lakewood besuchen und die Partnerschaft durch ein pers\u00f6nliches Kennenlernen beleben.<\/p>\n\n\n\n<p><\/p>\n\n\n\n<p>Die Teilnehmer, 28 Jugendliche und Erwachsene lebten in amerikanischen Gastfamilien und hatten so die M\u00f6glichkeit, ein St\u00fcck amerikanischer Lebensart unmittelbar zu erfahren. Ein vielseitig gestaltetes Besuchsprogramm gew\u00e4hrte Einblicke in das Amerika von heute. Der intensive Kontakt lie\u00df Freundschaften entstehen und motivierte die Stader, sich zu dem heute noch bestehenden \u201eSister Cities Komitee Stade\u201c zusammenzutun und die zwischen den beiden St\u00e4dten geschlossene Vereinbarung mit Leben zu erf\u00fcllen.<\/p>\n\n\n\n<p><\/p>\n\n\n\n<p>Die ersten eindrucksvollen Erfahrungen in der Partnerschaftsarbeit 1996 \u2013 1998 f\u00fchrten schlie\u00dflich zur Vereinsgr\u00fcndung. Etwa 400 Personen haben bisher direkt an diesen deutsch-amerikanischen B\u00fcrgerbegegnungen teilgenommen. Ber\u00fccksichtigt man die vielf\u00e4ltigen vor Ort entstandenen Kontakte zu Familien, Nachbarn, Freunden und weiteren Programmbeteiligten, so erh\u00f6ht sich diese Zahl um ein Vielfaches.<\/p>\n\n\n\n<p><\/p>\n\n\n\n<p>Die \u00fcber 20 j\u00e4hrige Freundschaft wurde anl\u00e4sslich des Besuches 2014 in Lakewood gemeinsam in einem kleinen Festakt geb\u00fchrend gefeiert.<\/p>\n\n\n\n<p><\/p>\n\n\n\n<p>Am 28.11.1998 wurde \u00a0der <strong>Verein Sister Cities Komitee Stade e.V.<\/strong> von 30 Mitgliedern gegr\u00fcndet. Mittlerweile ist die Mitgliederzahl auf 95 gestiegen. Der Verein ist als gemeinn\u00fctzig anerkannt und finanziert sich durch die Mitgliedsbeitr\u00e4ge und Spenden. <a href=\"http:\/\/sistercities-stade.de\/?page_id=65\">Mitglied<\/a> des Vereins kann jeder sein, der die <a href=\"http:\/\/sistercities-stade.de\/?page_id=63\">Ziele<\/a> des Vereins unterst\u00fctzen und f\u00f6rdern m\u00f6chte.<\/p>\n\n\n\n<p><\/p>\n\n\n\n<p>Einmal j\u00e4hrlich treffen sich die Mitglieder des Sister Cities Komitee Stade e.V. zu einer Mitgliederversammlung, um aktuelle Themen der Vereinsarbeit zu er\u00f6rtern. Zur regelm\u00e4\u00dfigen Kontaktaufnahme untereinander und als Ideenschmiede finden regelm\u00e4\u00dfige Treffen, die sog. \u201eOffenen Runden\u201c statt.<\/p>\n\n\n\n<p><\/p>\n\n\n\n<p>Der Schwerpunkt der Vereinsaktivit\u00e4ten liegt in der Organisation und Durchf\u00fchrung deutsch-amerikanischer Begegnungsprogramme. Zur Vorbereitung und Durchf\u00fchrung einzelner Besuchsprogramme und anderer Projekte werden Arbeitsgruppen zusammengestellt.<\/p>\n\n\n\n<p><\/p>\n\n\n\n<p>Als Sister Cities Komitee Stade e. V. betreuen wir bei Bedarf Reisende aus Lakewood und stehen als Ansprechpartner f\u00fcr Personen zur Verf\u00fcgung, die die Partnerstadt besuchen m\u00f6chten. Au\u00dferdem werden landesspezifische Vortragsveranstaltungen angeboten.<\/p>\n\n\n\n<p><\/p>\n\n\n\n<p><a href=\"http:\/\/sistercities-stade.de\/?page_id=65\">Mitglieder<\/a> und <a href=\"http:\/\/sistercities-stade.de\/?page_id=235\">F\u00f6rderer<\/a> des Sister Cities Komitee Stade e. V. sind jederzeit <a href=\"http:\/\/sistercities-stade.de\/?page_id=65\">herzlich willkommen!<\/a><\/p>\n\n\n\n<p><\/p>\n\n\n\n<p>Wenn sie noch mehr Informationen \u00fcber die Hansestadt Stade haben m\u00f6chten, dann schauen Sie auf der <a href=\"https:\/\/www.stade-tourismus.de\/de\/Startseite+\">stadteigenen Website vorbei \u2192<\/a><\/p>\n","protected":false},"excerpt":{"rendered":"<p>SISTER CITIES IN STADE 1993 unterzeichneten Rat und Verwaltung der St\u00e4dte Stade und Lakewood, Colorado, USA eine Vereinbarung mit dem Ziel, die Ideen des Sister Cities Program International zu unterst\u00fctzen und zu verwirklichen. Auf der Basis dieser Vereinbarung erreichte 1995 die erste offizielle Einladung aus Lakewood die Stader B\u00fcrgerinnen und B\u00fcrger. Sie sollten Lakewood besuchen<\/p>\n<p class=\"more-link\"><a href=\"http:\/\/sistercities-stade.de\/?page_id=15\" class=\"themebutton\">Read More<\/a><\/p>\n","protected":false},"author":1,"featured_media":0,"parent":0,"menu_order":0,"comment_status":"closed","ping_status":"closed","template":"","meta":[],"_links":{"self":[{"href":"http:\/\/sistercities-stade.de\/index.php?rest_route=\/wp\/v2\/pages\/15"}],"collection":[{"href":"http:\/\/sistercities-stade.de\/index.php?rest_route=\/wp\/v2\/pages"}],"about":[{"href":"http:\/\/sistercities-stade.de\/index.php?rest_route=\/wp\/v2\/types\/page"}],"author":[{"embeddable":true,"href":"http:\/\/sistercities-stade.de\/index.php?rest_route=\/wp\/v2\/users\/1"}],"replies":[{"embeddable":true,"href":"http:\/\/sistercities-stade.de\/index.php?rest_route=%2Fwp%2Fv2%2Fcomments&post=15"}],"version-history":[{"count":7,"href":"http:\/\/sistercities-stade.de\/index.php?rest_route=\/wp\/v2\/pages\/15\/revisions"}],"predecessor-version":[{"id":496,"href":"http:\/\/sistercities-stade.de\/index.php?rest_route=\/wp\/v2\/pages\/15\/revisions\/496"}],"wp:attachment":[{"href":"http:\/\/sistercities-stade.de\/index.php?rest_route=%2Fwp%2Fv2%2Fmedia&parent=15"}],"curies":[{"name":"wp","href":"https:\/\/api.w.org\/{rel}","templated":true}]}}