{"id":63,"date":"2017-07-05T11:29:59","date_gmt":"2017-07-05T09:29:59","guid":{"rendered":"http:\/\/sistercities-stade.de\/?page_id=63"},"modified":"2018-02-27T09:53:41","modified_gmt":"2018-02-27T08:53:41","slug":"ziele","status":"publish","type":"page","link":"http:\/\/sistercities-stade.de\/?page_id=63","title":{"rendered":"Unser Ziel"},"content":{"rendered":"<p>Unser Ziel ist es, die V\u00f6lkerverst\u00e4ndigung durch den Aufbau und die Pflege von internationalen Beziehungen und Freundschaften zu f\u00f6rdern. Dabei soll ein Austausch \u00fcber Lebensarten, die Kultur, die Geschichte und die Gesellschaft erm\u00f6glicht werden.<\/p>\n<p>Insbesondere streben wir an, im Rahmen des <a href=\"http:\/\/www.sistercities.org\/\" target=\"_blank\" rel=\"noopener\"><em>Sister Cities Program International<\/em><\/a> die\u00a0deutsch-amerikanische St\u00e4dteverbindung Stade \u2013 Lakewood, Colorado durch gegenseitige Besuchsprogramme zu festigen, sowie weitere pers\u00f6nliche Kontakte zwischen den B\u00fcrgerinnen und B\u00fcrgern beider St\u00e4dte zu erm\u00f6glichen, zu f\u00f6rdern, zu festigen und zu vertiefen.<\/p>\n<p>Das Sister Cities Program International wurde 1956 in den USA ins Leben gerufen. Ziel ist es, durch pers\u00f6nliche Begegnungen den Austausch von Ideen auf allen Ebenen von Kultur, Lebensart, Gesellschaft und Verwaltung zu f\u00f6rdern und damit zur dauerhaften Freundschaft zwischen den V\u00f6lkern beizutragen. Heute sind rund\u00a0650 US-amerikanische St\u00e4dte und 2.100 St\u00e4dte in aller Welt am Sister Cities Program\u00a0beteiligt.<\/p>\n","protected":false},"excerpt":{"rendered":"<p>Unser Ziel ist es, die V\u00f6lkerverst\u00e4ndigung durch den Aufbau und die Pflege von internationalen Beziehungen und Freundschaften zu f\u00f6rdern. Dabei soll ein Austausch \u00fcber Lebensarten, die Kultur, die Geschichte und die Gesellschaft erm\u00f6glicht werden. Insbesondere streben wir an, im Rahmen des Sister Cities Program International die\u00a0deutsch-amerikanische St\u00e4dteverbindung Stade \u2013 Lakewood, Colorado durch gegenseitige Besuchsprogramme zu<\/p>\n<p class=\"more-link\"><a href=\"http:\/\/sistercities-stade.de\/?page_id=63\" class=\"themebutton\">Read More<\/a><\/p>\n","protected":false},"author":1,"featured_media":0,"parent":0,"menu_order":0,"comment_status":"closed","ping_status":"closed","template":"","meta":[],"_links":{"self":[{"href":"http:\/\/sistercities-stade.de\/index.php?rest_route=\/wp\/v2\/pages\/63"}],"collection":[{"href":"http:\/\/sistercities-stade.de\/index.php?rest_route=\/wp\/v2\/pages"}],"about":[{"href":"http:\/\/sistercities-stade.de\/index.php?rest_route=\/wp\/v2\/types\/page"}],"author":[{"embeddable":true,"href":"http:\/\/sistercities-stade.de\/index.php?rest_route=\/wp\/v2\/users\/1"}],"replies":[{"embeddable":true,"href":"http:\/\/sistercities-stade.de\/index.php?rest_route=%2Fwp%2Fv2%2Fcomments&post=63"}],"version-history":[{"count":4,"href":"http:\/\/sistercities-stade.de\/index.php?rest_route=\/wp\/v2\/pages\/63\/revisions"}],"predecessor-version":[{"id":240,"href":"http:\/\/sistercities-stade.de\/index.php?rest_route=\/wp\/v2\/pages\/63\/revisions\/240"}],"wp:attachment":[{"href":"http:\/\/sistercities-stade.de\/index.php?rest_route=%2Fwp%2Fv2%2Fmedia&parent=63"}],"curies":[{"name":"wp","href":"https:\/\/api.w.org\/{rel}","templated":true}]}}